{"id":81,"date":"2017-10-29T18:54:04","date_gmt":"2017-10-29T18:54:04","guid":{"rendered":"http:\/\/www.swedishness.com\/?page_id=81"},"modified":"2018-09-20T21:59:20","modified_gmt":"2018-09-20T21:59:20","slug":"finansier-hele-dykkerferien-med-et-forbrukslan","status":"publish","type":"page","link":"https:\/\/www.swedishness.com\/?page_id=81","title":{"rendered":"Finansier hele dykkerferien med et forbruksl\u00e5n"},"content":{"rendered":"<p><a href=\"http:\/\/www.swedishness.com\/wp-content\/uploads\/2017\/10\/dykking-finansiering.jpg\" rel=\"attachment wp-att-79\"><img loading=\"lazy\" decoding=\"async\" class=\"alignnone size-large wp-image-79\" src=\"http:\/\/www.swedishness.com\/wp-content\/uploads\/2017\/10\/dykking-finansiering-1024x576.jpg\" alt=\"l\u00e5n til dykkeferien\" width=\"700\" height=\"394\" srcset=\"https:\/\/www.swedishness.com\/wp-content\/uploads\/2017\/10\/dykking-finansiering-1024x576.jpg 1024w, https:\/\/www.swedishness.com\/wp-content\/uploads\/2017\/10\/dykking-finansiering-300x169.jpg 300w, https:\/\/www.swedishness.com\/wp-content\/uploads\/2017\/10\/dykking-finansiering-768x432.jpg 768w, https:\/\/www.swedishness.com\/wp-content\/uploads\/2017\/10\/dykking-finansiering.jpg 1920w\" sizes=\"auto, (max-width: 700px) 100vw, 700px\" \/><\/a><\/p>\n<p><span style=\"font-weight: 400;\">Dr\u00f8mmer du om \u00e5 vrakdykke langs den spanske solkysten eller \u00e5 utforske de australske korallrevene? Da kan et forbruksl\u00e5n v\u00e6re l\u00f8sningen som gj\u00f8r dr\u00f8mmene til en realitet. Flere nordmenn velger hvert \u00e5r \u00e5 finansiere dykkeferien p\u00e5 denne m\u00e5ten. Her viser vi deg hvilke fordeler det medf\u00f8rer og hvordan du selv kan sette av g\u00e5rde.<\/span><\/p>\n<h2><span style=\"font-weight: 400;\">Dykking i utlandet er kostbart<\/span><\/h2>\n<p><span style=\"font-weight: 400;\">De som reiser p\u00e5 <a href=\"http:\/\/www.dykking.no\/component\/weblinks\/55-dykketurer-i-norge\">dykketur<\/a> til utlandet m\u00e5 belage seg p\u00e5 \u00e5 betale en del ekstrakostnader. Det inkluderer utgifter knyttet til transport av dykkerutstyret og behovet for \u00e5 s\u00f8ke om de riktige tillatelsene. De vil ogs\u00e5 m\u00e5tte kj\u00f8pe en spesiell reiseforsikring som dekker turen dersom planen er \u00e5 gjennomf\u00f8re dypvannsdykk.<\/span><\/p>\n<p><span style=\"font-weight: 400;\">Heldigvis har forbruksl\u00e5n et par unike fordeler som hjelper demme opp for kostnadene. Den f\u00f8rste fordelen er det lave renteniv\u00e5et som ofte ligger mellom 8 og 12 prosent. Det st\u00e5r i skarp kontrast til bl.a kredittkort og mikrol\u00e5n. <\/span><\/p>\n<h2><span style=\"font-weight: 400;\">Forh\u00e5ndsfinansier dykkerferien<\/span><\/h2>\n<p><span style=\"font-weight: 400;\">En annen viktig fordel er muligheten til \u00e5 forh\u00e5ndsfinansiere dykkerferien mens prisene fortsatt er lave.<\/span><\/p>\n<p><span style=\"font-weight: 400;\">Majoriteten av norske husstander venter med \u00e5 betale for dykkerturen til feriepengene har tikket inn p\u00e5 konto. Ulempen er at prisen for flyreiser, hotell og annet vil ha steget i l\u00f8pet av tiden man venter. Med et forbruksl\u00e5n er det mulig \u00e5 forh\u00e5ndsfinansiere dykkerferien tidlig og dermed spare penger.<\/span><\/p>\n<p><span style=\"font-weight: 400;\">For at det skal l\u00f8nne seg med forh\u00e5ndsfinansiering er det viktig at du velger et forbruksl\u00e5n med lavt etableringsgebyr. Du kan f.eks vurdere et l\u00e5n fra <\/span><a href=\"https:\/\/www.youtube.com\/channel\/UCgoU2DkzacM1sjQJok-XyvQ\"><span style=\"font-weight: 400;\">Santander Consumer Bank<\/span><\/a><span style=\"font-weight: 400;\"> og Bank Norwegian. Disse bankene krever ikke gebyr for etablering av forbruksl\u00e5net til forskjell fra andre banker. Du kan ogs\u00e5 foreta et generelt <\/span><a href=\"https:\/\/www.xn--forbruksln-95a.no\/\"><span style=\"font-weight: 400;\">forbruksl\u00e5n s\u00f8k<\/span><\/a><span style=\"font-weight: 400;\"> i Google for \u00e5 finne beste tilbud. <\/span><\/p>\n<h2><span style=\"font-weight: 400;\">Kj\u00f8pe dykkerutstyr i utlandet?<\/span><\/h2>\n<p><span style=\"font-weight: 400;\">Dykkerutstyr er kostbart og det kan v\u00e6re betydelige summer \u00e5 spare hvis du handler utstyret utenlands. Avhengig av hvilken form for dykking du praktiserer kan en full utstyrspakke fort koste et sted mellom 25 000 og 45 000 kroner. <\/span><\/p>\n<p><span style=\"font-weight: 400;\">Kj\u00f8per du flasker og ventiler i utlandet er det ogs\u00e5 ekstra viktig at du fokuserer p\u00e5 kvaliteten. Det er tross alt bedre at masken skaper kondens enn at ventilene streiker mens du sv\u00f8mmer p\u00e5 15 meters dyp.<\/span><\/p>\n<p><span style=\"font-weight: 400;\">Skal du handle dykkerutstyr utenlands er det ogs\u00e5 viktig at du overholder alle tollregler p\u00e5 vei tilbake. Ved hjemreise kan du medbringe verdigjenstander verdt inntil 6 000 kroner skattefritt. Etter \u00e5 ha n\u00e5dd denne grensen vil momsen sl\u00e5 inn.<\/span><\/p>\n<p><span style=\"font-weight: 400;\">Ved ferieturer innad i EU er det ogs\u00e5 spesielle regler som gjelder for merverdiavgift. Reglene for beskatning av varer kj\u00f8pt i utlandet kan du for\u00f8vrig lese mer om p\u00e5 <\/span><a href=\"http:\/\/www.toll.no\/no\/handle-i-utlandet\/\"><span style=\"font-weight: 400;\">Tollvesenets nettside<\/span><\/a><span style=\"font-weight: 400;\">.<\/span><\/p>\n<h2><span style=\"font-weight: 400;\">Krav om spesiell reiseforsikring<\/span><\/h2>\n<p><span style=\"font-weight: 400;\">En annen grunn til \u00e5 velge forbruksl\u00e5n til finansiering av dykkerturen er de spesielle kravene til reiseforsikring. <\/span><\/p>\n<p><span style=\"font-weight: 400;\">Styr unna reiseforsikringen som inkluderes med mange kredittkort. Leser du den lille skriften i kredittavtalen vil du n\u00e6rmest alltid se at aktiviteter som dykking, fallskjermhopping, strikkhopp og lignende er unntatt.<\/span><\/p>\n<p><span style=\"font-weight: 400;\">Med andre ord er det helt meningsl\u00f8st \u00e5 finansiere dykkerturen med et kredittkort hvis m\u00e5let er \u00e5 oppn\u00e5 gratis reiseforsikring. Gitt at forbruksl\u00e5n leveres med langt lavere effektiv rente er det liten tvil om hva du b\u00f8r velge. <\/span><\/p>\n<p><span style=\"font-weight: 400;\">Husk samtidig \u00e5 finne en reiseforsikring som dekker de spesifikke aktivitetene du planlegger \u00e5 utf\u00f8re. Det kan blant annet v\u00e6re forskjell i forsikringsavtalen mellom dypvannsdykk og snorkling. Sjekk derfor definisjonene n\u00f8ye slik at du ikke risikerer \u00e5 st\u00e5 uten dekning dersom en ulykke inntreffer.<\/span><\/p>\n","protected":false},"excerpt":{"rendered":"<p>Dr\u00f8mmer du om \u00e5 vrakdykke langs den spanske solkysten eller \u00e5 utforske de australske korallrevene? Da kan et forbruksl\u00e5n v\u00e6re l\u00f8sningen som gj\u00f8r dr\u00f8mmene til en realitet. Flere nordmenn velger hvert \u00e5r \u00e5 finansiere dykkeferien p\u00e5 denne m\u00e5ten. Her viser vi deg hvilke fordeler det medf\u00f8rer og hvordan du selv kan sette av g\u00e5rde. Dykking &#8230; <span class=\"more\"><a class=\"more-link\" href=\"https:\/\/www.swedishness.com\/?page_id=81\">[Read more&#8230;]<\/a><\/span><\/p>\n","protected":false},"author":1,"featured_media":0,"parent":0,"menu_order":0,"comment_status":"closed","ping_status":"closed","template":"","meta":{"footnotes":""},"class_list":["entry","page","publish","author-admin","post-81"],"yoast_head":"<!-- This site is optimized with the Yoast SEO plugin v27.4 - https:\/\/yoast.com\/product\/yoast-seo-wordpress\/ -->\n<title>Finansier hele dykkerferien med et forbruksl\u00e5n - Swedishness.com<\/title>\n<meta name=\"robots\" content=\"index, follow, max-snippet:-1, max-image-preview:large, max-video-preview:-1\" \/>\n<link rel=\"canonical\" href=\"https:\/\/www.swedishness.com\/?page_id=81\" \/>\n<meta property=\"og:locale\" content=\"en_US\" \/>\n<meta property=\"og:type\" content=\"article\" \/>\n<meta property=\"og:title\" content=\"Finansier hele dykkerferien med et forbruksl\u00e5n - Swedishness.com\" \/>\n<meta property=\"og:description\" content=\"Dr\u00f8mmer du om \u00e5 vrakdykke langs den spanske solkysten eller \u00e5 utforske de australske korallrevene? Da kan et forbruksl\u00e5n v\u00e6re l\u00f8sningen som gj\u00f8r dr\u00f8mmene til en realitet. Flere nordmenn velger hvert \u00e5r \u00e5 finansiere dykkeferien p\u00e5 denne m\u00e5ten. Her viser vi deg hvilke fordeler det medf\u00f8rer og hvordan du selv kan sette av g\u00e5rde. Dykking ... [Read more...]\" \/>\n<meta property=\"og:url\" content=\"https:\/\/www.swedishness.com\/?page_id=81\" \/>\n<meta property=\"og:site_name\" content=\"Swedishness.com\" \/>\n<meta property=\"article:modified_time\" content=\"2018-09-20T21:59:20+00:00\" \/>\n<meta property=\"og:image\" content=\"http:\/\/www.swedishness.com\/wp-content\/uploads\/2017\/10\/dykking-finansiering-1024x576.jpg\" \/>\n<meta name=\"twitter:card\" content=\"summary_large_image\" \/>\n<meta name=\"twitter:label1\" content=\"Est. reading time\" \/>\n\t<meta name=\"twitter:data1\" content=\"3 minutes\" \/>\n<script type=\"application\/ld+json\" class=\"yoast-schema-graph\">{\"@context\":\"https:\\\/\\\/schema.org\",\"@graph\":[{\"@type\":\"WebPage\",\"@id\":\"https:\\\/\\\/www.swedishness.com\\\/?page_id=81\",\"url\":\"https:\\\/\\\/www.swedishness.com\\\/?page_id=81\",\"name\":\"Finansier hele dykkerferien med et forbruksl\u00e5n - Swedishness.com\",\"isPartOf\":{\"@id\":\"https:\\\/\\\/www.swedishness.com\\\/#website\"},\"primaryImageOfPage\":{\"@id\":\"https:\\\/\\\/www.swedishness.com\\\/?page_id=81#primaryimage\"},\"image\":{\"@id\":\"https:\\\/\\\/www.swedishness.com\\\/?page_id=81#primaryimage\"},\"thumbnailUrl\":\"http:\\\/\\\/www.swedishness.com\\\/wp-content\\\/uploads\\\/2017\\\/10\\\/dykking-finansiering-1024x576.jpg\",\"datePublished\":\"2017-10-29T18:54:04+00:00\",\"dateModified\":\"2018-09-20T21:59:20+00:00\",\"breadcrumb\":{\"@id\":\"https:\\\/\\\/www.swedishness.com\\\/?page_id=81#breadcrumb\"},\"inLanguage\":\"en-US\",\"potentialAction\":[{\"@type\":\"ReadAction\",\"target\":[\"https:\\\/\\\/www.swedishness.com\\\/?page_id=81\"]}]},{\"@type\":\"ImageObject\",\"inLanguage\":\"en-US\",\"@id\":\"https:\\\/\\\/www.swedishness.com\\\/?page_id=81#primaryimage\",\"url\":\"https:\\\/\\\/www.swedishness.com\\\/wp-content\\\/uploads\\\/2017\\\/10\\\/dykking-finansiering.jpg\",\"contentUrl\":\"https:\\\/\\\/www.swedishness.com\\\/wp-content\\\/uploads\\\/2017\\\/10\\\/dykking-finansiering.jpg\",\"width\":1920,\"height\":1080,\"caption\":\"l\u00e5n til dykkeferien\"},{\"@type\":\"BreadcrumbList\",\"@id\":\"https:\\\/\\\/www.swedishness.com\\\/?page_id=81#breadcrumb\",\"itemListElement\":[{\"@type\":\"ListItem\",\"position\":1,\"name\":\"Home\",\"item\":\"https:\\\/\\\/www.swedishness.com\\\/\"},{\"@type\":\"ListItem\",\"position\":2,\"name\":\"Finansier hele dykkerferien med et forbruksl\u00e5n\"}]},{\"@type\":\"WebSite\",\"@id\":\"https:\\\/\\\/www.swedishness.com\\\/#website\",\"url\":\"https:\\\/\\\/www.swedishness.com\\\/\",\"name\":\"Swedishness.com\",\"description\":\"\",\"potentialAction\":[{\"@type\":\"SearchAction\",\"target\":{\"@type\":\"EntryPoint\",\"urlTemplate\":\"https:\\\/\\\/www.swedishness.com\\\/?s={search_term_string}\"},\"query-input\":{\"@type\":\"PropertyValueSpecification\",\"valueRequired\":true,\"valueName\":\"search_term_string\"}}],\"inLanguage\":\"en-US\"}]}<\/script>\n<!-- \/ Yoast SEO plugin. -->","yoast_head_json":{"title":"Finansier hele dykkerferien med et forbruksl\u00e5n - Swedishness.com","robots":{"index":"index","follow":"follow","max-snippet":"max-snippet:-1","max-image-preview":"max-image-preview:large","max-video-preview":"max-video-preview:-1"},"canonical":"https:\/\/www.swedishness.com\/?page_id=81","og_locale":"en_US","og_type":"article","og_title":"Finansier hele dykkerferien med et forbruksl\u00e5n - Swedishness.com","og_description":"Dr\u00f8mmer du om \u00e5 vrakdykke langs den spanske solkysten eller \u00e5 utforske de australske korallrevene? Da kan et forbruksl\u00e5n v\u00e6re l\u00f8sningen som gj\u00f8r dr\u00f8mmene til en realitet. Flere nordmenn velger hvert \u00e5r \u00e5 finansiere dykkeferien p\u00e5 denne m\u00e5ten. Her viser vi deg hvilke fordeler det medf\u00f8rer og hvordan du selv kan sette av g\u00e5rde. Dykking ... [Read more...]","og_url":"https:\/\/www.swedishness.com\/?page_id=81","og_site_name":"Swedishness.com","article_modified_time":"2018-09-20T21:59:20+00:00","og_image":[{"url":"http:\/\/www.swedishness.com\/wp-content\/uploads\/2017\/10\/dykking-finansiering-1024x576.jpg","type":"","width":"","height":""}],"twitter_card":"summary_large_image","twitter_misc":{"Est. reading time":"3 minutes"},"schema":{"@context":"https:\/\/schema.org","@graph":[{"@type":"WebPage","@id":"https:\/\/www.swedishness.com\/?page_id=81","url":"https:\/\/www.swedishness.com\/?page_id=81","name":"Finansier hele dykkerferien med et forbruksl\u00e5n - Swedishness.com","isPartOf":{"@id":"https:\/\/www.swedishness.com\/#website"},"primaryImageOfPage":{"@id":"https:\/\/www.swedishness.com\/?page_id=81#primaryimage"},"image":{"@id":"https:\/\/www.swedishness.com\/?page_id=81#primaryimage"},"thumbnailUrl":"http:\/\/www.swedishness.com\/wp-content\/uploads\/2017\/10\/dykking-finansiering-1024x576.jpg","datePublished":"2017-10-29T18:54:04+00:00","dateModified":"2018-09-20T21:59:20+00:00","breadcrumb":{"@id":"https:\/\/www.swedishness.com\/?page_id=81#breadcrumb"},"inLanguage":"en-US","potentialAction":[{"@type":"ReadAction","target":["https:\/\/www.swedishness.com\/?page_id=81"]}]},{"@type":"ImageObject","inLanguage":"en-US","@id":"https:\/\/www.swedishness.com\/?page_id=81#primaryimage","url":"https:\/\/www.swedishness.com\/wp-content\/uploads\/2017\/10\/dykking-finansiering.jpg","contentUrl":"https:\/\/www.swedishness.com\/wp-content\/uploads\/2017\/10\/dykking-finansiering.jpg","width":1920,"height":1080,"caption":"l\u00e5n til dykkeferien"},{"@type":"BreadcrumbList","@id":"https:\/\/www.swedishness.com\/?page_id=81#breadcrumb","itemListElement":[{"@type":"ListItem","position":1,"name":"Home","item":"https:\/\/www.swedishness.com\/"},{"@type":"ListItem","position":2,"name":"Finansier hele dykkerferien med et forbruksl\u00e5n"}]},{"@type":"WebSite","@id":"https:\/\/www.swedishness.com\/#website","url":"https:\/\/www.swedishness.com\/","name":"Swedishness.com","description":"","potentialAction":[{"@type":"SearchAction","target":{"@type":"EntryPoint","urlTemplate":"https:\/\/www.swedishness.com\/?s={search_term_string}"},"query-input":{"@type":"PropertyValueSpecification","valueRequired":true,"valueName":"search_term_string"}}],"inLanguage":"en-US"}]}},"_links":{"self":[{"href":"https:\/\/www.swedishness.com\/index.php?rest_route=\/wp\/v2\/pages\/81","targetHints":{"allow":["GET"]}}],"collection":[{"href":"https:\/\/www.swedishness.com\/index.php?rest_route=\/wp\/v2\/pages"}],"about":[{"href":"https:\/\/www.swedishness.com\/index.php?rest_route=\/wp\/v2\/types\/page"}],"author":[{"embeddable":true,"href":"https:\/\/www.swedishness.com\/index.php?rest_route=\/wp\/v2\/users\/1"}],"replies":[{"embeddable":true,"href":"https:\/\/www.swedishness.com\/index.php?rest_route=%2Fwp%2Fv2%2Fcomments&post=81"}],"version-history":[{"count":3,"href":"https:\/\/www.swedishness.com\/index.php?rest_route=\/wp\/v2\/pages\/81\/revisions"}],"predecessor-version":[{"id":86,"href":"https:\/\/www.swedishness.com\/index.php?rest_route=\/wp\/v2\/pages\/81\/revisions\/86"}],"wp:attachment":[{"href":"https:\/\/www.swedishness.com\/index.php?rest_route=%2Fwp%2Fv2%2Fmedia&parent=81"}],"curies":[{"name":"wp","href":"https:\/\/api.w.org\/{rel}","templated":true}]}}