{"id":46,"date":"2015-10-20T21:15:47","date_gmt":"2015-10-20T21:15:47","guid":{"rendered":"http:\/\/www.swedishness.com\/?page_id=46"},"modified":"2015-10-22T05:51:36","modified_gmt":"2015-10-22T05:51:36","slug":"thon-alesund","status":"publish","type":"page","link":"https:\/\/www.swedishness.com\/?page_id=46","title":{"rendered":"Thon \u00c5lesund"},"content":{"rendered":"<p><a href=\"http:\/\/www.swedishness.com\/wp-content\/uploads\/2015\/10\/norway-alesund-1920x1200.jpg\"><img loading=\"lazy\" decoding=\"async\" class=\"alignnone size-full wp-image-47\" src=\"http:\/\/www.swedishness.com\/wp-content\/uploads\/2015\/10\/norway-alesund-1920x1200.jpg\" alt=\"norway-alesund-1920x1200\" width=\"740\" height=\"462\" srcset=\"https:\/\/www.swedishness.com\/wp-content\/uploads\/2015\/10\/norway-alesund-1920x1200.jpg 740w, https:\/\/www.swedishness.com\/wp-content\/uploads\/2015\/10\/norway-alesund-1920x1200-300x187.jpg 300w\" sizes=\"auto, (max-width: 740px) 100vw, 740px\" \/><\/a><\/p>\n<p><a href=\"http:\/\/www.xn--lesundhotell-scb.no\/hotell\/thon-hotel-alesund\/\">Thon \u00c5lesund<\/a> passer for deg som \u00f8nsker \u00e5 f\u00e5 med deg alt det <a href=\"http:\/\/www.alesund.kommune.no\/\">\u00c5lesund<\/a> har \u00e5 by p\u00e5 n\u00e5r det gjelder severdigheter, b\u00e5tliv eller turmuligheter.<\/p>\n<h2>Beliggenhet<\/h2>\n<p>Hotellet ligger midt i \u00c5lesund sentrum, like ved fergekaien hvor Hurtigruta legger til. Like bak hotellet ligger Aksla Utsiktspunkt hvor det er mulig \u00e5 se utover hele \u00c5lesund og \u00f8yene rundt. Det er gangavstand til jugendstilsbyens mange restauranter og severdigheter. Ikke mange minuttene unna med bil finnes det gode turmuligheter b\u00e5de i og utenfor \u00c5lesund. Her er det heller ikke lang vei til Atlanterhavsparken, kanskje Norges beste akvarieanlegg, og i gangavstand finner du ogs\u00e5 Jugendstilsenteret og \u00c5lesund Museum. I fjorden utenfor er det et yrende b\u00e5tliv og mange opplevelser som er verdt \u00e5 f\u00e5 med seg, i hvert fall i sommerhalv\u00e5ret. Flybussen stopper rett utenfor s\u00e5 det er lett \u00e5 komme seg til og fra Vigra.<\/p>\n<h2>Rom<\/h2>\n<p><a href=\"http:\/\/www.swedishness.com\/wp-content\/uploads\/2015\/10\/Thon22042014M.jpg\"><img loading=\"lazy\" decoding=\"async\" class=\"alignleft size-full wp-image-48\" src=\"http:\/\/www.swedishness.com\/wp-content\/uploads\/2015\/10\/Thon22042014M.jpg\" alt=\"Thon22042014M\" width=\"300\" height=\"175\" \/><\/a>Alle hotellets 106 gjesterom er innredet med moderne m\u00f8bler, gode senger og skrivebord.<\/p>\n<p>I tillegg har rommene private bad med dusj\/badekar, TV med tv-kanaler og gratis tr\u00e5dl\u00f8st internett.<\/p>\n<p>Andre romfasiliteter inkluderer strykejern, kaffetrakter og privat safe. Tre av rommene er tilrettelagt handicappede og alle rommene er allergivennlige.<\/p>\n<h2>Fasiliteter<\/h2>\n<p>Thon \u00c5lesund tilbyr en velsmakende frokostbuff\u00e9 med et variert utvalgt av p\u00e5legg, br\u00f8d, varmretter og drikkevarer. Personalet hjelper deg gjerne med \u00e5 anbefale gode spisesteder dersom du \u00f8nsker \u00e5 spise lunsj eller middag. I tillegg til en d\u00f8gn\u00e5pen resepsjon tilbyr hotellet vaskeritjenester dersom du m\u00e5tte trenge det. Dette moderne og milj\u00f8vennlige hotellet har m\u00f8terom med plass til 60 deltakere i klasseromsoppsett og 90 deltakere i kino-oppsett, innredet med det siste innen teknologiske l\u00f8sninger for dine kurs- og konferansebehov. Thon \u00c5lesund har en egen spa-avdeling med et innend\u00f8rs sv\u00f8mmebasseng og sauna tilgjengelig for alle gjester. Parkering er mulig i n\u00e6rheten mot et tillegg.<\/p>\n<p><a href=\"http:\/\/www.billige-hotell.no\/norge\/%C3%A5lesund\" target=\"_blank\">http:\/\/www.billige-hotell.no\/norge\/%C3%A5lesund<\/a><\/p>\n","protected":false},"excerpt":{"rendered":"<p>Thon \u00c5lesund passer for deg som \u00f8nsker \u00e5 f\u00e5 med deg alt det \u00c5lesund har \u00e5 by p\u00e5 n\u00e5r det gjelder severdigheter, b\u00e5tliv eller turmuligheter. Beliggenhet Hotellet ligger midt i \u00c5lesund sentrum, like ved fergekaien hvor Hurtigruta legger til. Like bak hotellet ligger Aksla Utsiktspunkt hvor det er mulig \u00e5 se utover hele \u00c5lesund og &#8230; <span class=\"more\"><a class=\"more-link\" href=\"https:\/\/www.swedishness.com\/?page_id=46\">[Read more&#8230;]<\/a><\/span><\/p>\n","protected":false},"author":2,"featured_media":0,"parent":0,"menu_order":0,"comment_status":"closed","ping_status":"closed","template":"","meta":{"footnotes":""},"class_list":["entry","page","publish","author-eivind","post-46"],"yoast_head":"<!-- This site is optimized with the Yoast SEO plugin v27.4 - https:\/\/yoast.com\/product\/yoast-seo-wordpress\/ -->\n<title>Thon \u00c5lesund - Swedishness.com<\/title>\n<meta name=\"robots\" content=\"index, follow, max-snippet:-1, max-image-preview:large, max-video-preview:-1\" \/>\n<link rel=\"canonical\" href=\"https:\/\/www.swedishness.com\/?page_id=46\" \/>\n<meta property=\"og:locale\" content=\"en_US\" \/>\n<meta property=\"og:type\" content=\"article\" \/>\n<meta property=\"og:title\" content=\"Thon \u00c5lesund - Swedishness.com\" \/>\n<meta property=\"og:description\" content=\"Thon \u00c5lesund passer for deg som \u00f8nsker \u00e5 f\u00e5 med deg alt det \u00c5lesund har \u00e5 by p\u00e5 n\u00e5r det gjelder severdigheter, b\u00e5tliv eller turmuligheter. Beliggenhet Hotellet ligger midt i \u00c5lesund sentrum, like ved fergekaien hvor Hurtigruta legger til. Like bak hotellet ligger Aksla Utsiktspunkt hvor det er mulig \u00e5 se utover hele \u00c5lesund og ... [Read more...]\" \/>\n<meta property=\"og:url\" content=\"https:\/\/www.swedishness.com\/?page_id=46\" \/>\n<meta property=\"og:site_name\" content=\"Swedishness.com\" \/>\n<meta property=\"article:modified_time\" content=\"2015-10-22T05:51:36+00:00\" \/>\n<meta property=\"og:image\" content=\"http:\/\/www.swedishness.com\/wp-content\/uploads\/2015\/10\/norway-alesund-1920x1200.jpg\" \/>\n<meta name=\"twitter:card\" content=\"summary_large_image\" \/>\n<meta name=\"twitter:label1\" content=\"Est. reading time\" \/>\n\t<meta name=\"twitter:data1\" content=\"2 minutes\" \/>\n<script type=\"application\/ld+json\" class=\"yoast-schema-graph\">{\"@context\":\"https:\\\/\\\/schema.org\",\"@graph\":[{\"@type\":\"WebPage\",\"@id\":\"https:\\\/\\\/www.swedishness.com\\\/?page_id=46\",\"url\":\"https:\\\/\\\/www.swedishness.com\\\/?page_id=46\",\"name\":\"Thon \u00c5lesund - Swedishness.com\",\"isPartOf\":{\"@id\":\"https:\\\/\\\/www.swedishness.com\\\/#website\"},\"primaryImageOfPage\":{\"@id\":\"https:\\\/\\\/www.swedishness.com\\\/?page_id=46#primaryimage\"},\"image\":{\"@id\":\"https:\\\/\\\/www.swedishness.com\\\/?page_id=46#primaryimage\"},\"thumbnailUrl\":\"http:\\\/\\\/www.swedishness.com\\\/wp-content\\\/uploads\\\/2015\\\/10\\\/norway-alesund-1920x1200.jpg\",\"datePublished\":\"2015-10-20T21:15:47+00:00\",\"dateModified\":\"2015-10-22T05:51:36+00:00\",\"breadcrumb\":{\"@id\":\"https:\\\/\\\/www.swedishness.com\\\/?page_id=46#breadcrumb\"},\"inLanguage\":\"en-US\",\"potentialAction\":[{\"@type\":\"ReadAction\",\"target\":[\"https:\\\/\\\/www.swedishness.com\\\/?page_id=46\"]}]},{\"@type\":\"ImageObject\",\"inLanguage\":\"en-US\",\"@id\":\"https:\\\/\\\/www.swedishness.com\\\/?page_id=46#primaryimage\",\"url\":\"http:\\\/\\\/www.swedishness.com\\\/wp-content\\\/uploads\\\/2015\\\/10\\\/norway-alesund-1920x1200.jpg\",\"contentUrl\":\"http:\\\/\\\/www.swedishness.com\\\/wp-content\\\/uploads\\\/2015\\\/10\\\/norway-alesund-1920x1200.jpg\"},{\"@type\":\"BreadcrumbList\",\"@id\":\"https:\\\/\\\/www.swedishness.com\\\/?page_id=46#breadcrumb\",\"itemListElement\":[{\"@type\":\"ListItem\",\"position\":1,\"name\":\"Home\",\"item\":\"https:\\\/\\\/www.swedishness.com\\\/\"},{\"@type\":\"ListItem\",\"position\":2,\"name\":\"Thon \u00c5lesund\"}]},{\"@type\":\"WebSite\",\"@id\":\"https:\\\/\\\/www.swedishness.com\\\/#website\",\"url\":\"https:\\\/\\\/www.swedishness.com\\\/\",\"name\":\"Swedishness.com\",\"description\":\"\",\"potentialAction\":[{\"@type\":\"SearchAction\",\"target\":{\"@type\":\"EntryPoint\",\"urlTemplate\":\"https:\\\/\\\/www.swedishness.com\\\/?s={search_term_string}\"},\"query-input\":{\"@type\":\"PropertyValueSpecification\",\"valueRequired\":true,\"valueName\":\"search_term_string\"}}],\"inLanguage\":\"en-US\"}]}<\/script>\n<!-- \/ Yoast SEO plugin. -->","yoast_head_json":{"title":"Thon \u00c5lesund - Swedishness.com","robots":{"index":"index","follow":"follow","max-snippet":"max-snippet:-1","max-image-preview":"max-image-preview:large","max-video-preview":"max-video-preview:-1"},"canonical":"https:\/\/www.swedishness.com\/?page_id=46","og_locale":"en_US","og_type":"article","og_title":"Thon \u00c5lesund - Swedishness.com","og_description":"Thon \u00c5lesund passer for deg som \u00f8nsker \u00e5 f\u00e5 med deg alt det \u00c5lesund har \u00e5 by p\u00e5 n\u00e5r det gjelder severdigheter, b\u00e5tliv eller turmuligheter. Beliggenhet Hotellet ligger midt i \u00c5lesund sentrum, like ved fergekaien hvor Hurtigruta legger til. Like bak hotellet ligger Aksla Utsiktspunkt hvor det er mulig \u00e5 se utover hele \u00c5lesund og ... [Read more...]","og_url":"https:\/\/www.swedishness.com\/?page_id=46","og_site_name":"Swedishness.com","article_modified_time":"2015-10-22T05:51:36+00:00","og_image":[{"url":"http:\/\/www.swedishness.com\/wp-content\/uploads\/2015\/10\/norway-alesund-1920x1200.jpg","type":"","width":"","height":""}],"twitter_card":"summary_large_image","twitter_misc":{"Est. reading time":"2 minutes"},"schema":{"@context":"https:\/\/schema.org","@graph":[{"@type":"WebPage","@id":"https:\/\/www.swedishness.com\/?page_id=46","url":"https:\/\/www.swedishness.com\/?page_id=46","name":"Thon \u00c5lesund - Swedishness.com","isPartOf":{"@id":"https:\/\/www.swedishness.com\/#website"},"primaryImageOfPage":{"@id":"https:\/\/www.swedishness.com\/?page_id=46#primaryimage"},"image":{"@id":"https:\/\/www.swedishness.com\/?page_id=46#primaryimage"},"thumbnailUrl":"http:\/\/www.swedishness.com\/wp-content\/uploads\/2015\/10\/norway-alesund-1920x1200.jpg","datePublished":"2015-10-20T21:15:47+00:00","dateModified":"2015-10-22T05:51:36+00:00","breadcrumb":{"@id":"https:\/\/www.swedishness.com\/?page_id=46#breadcrumb"},"inLanguage":"en-US","potentialAction":[{"@type":"ReadAction","target":["https:\/\/www.swedishness.com\/?page_id=46"]}]},{"@type":"ImageObject","inLanguage":"en-US","@id":"https:\/\/www.swedishness.com\/?page_id=46#primaryimage","url":"http:\/\/www.swedishness.com\/wp-content\/uploads\/2015\/10\/norway-alesund-1920x1200.jpg","contentUrl":"http:\/\/www.swedishness.com\/wp-content\/uploads\/2015\/10\/norway-alesund-1920x1200.jpg"},{"@type":"BreadcrumbList","@id":"https:\/\/www.swedishness.com\/?page_id=46#breadcrumb","itemListElement":[{"@type":"ListItem","position":1,"name":"Home","item":"https:\/\/www.swedishness.com\/"},{"@type":"ListItem","position":2,"name":"Thon \u00c5lesund"}]},{"@type":"WebSite","@id":"https:\/\/www.swedishness.com\/#website","url":"https:\/\/www.swedishness.com\/","name":"Swedishness.com","description":"","potentialAction":[{"@type":"SearchAction","target":{"@type":"EntryPoint","urlTemplate":"https:\/\/www.swedishness.com\/?s={search_term_string}"},"query-input":{"@type":"PropertyValueSpecification","valueRequired":true,"valueName":"search_term_string"}}],"inLanguage":"en-US"}]}},"_links":{"self":[{"href":"https:\/\/www.swedishness.com\/index.php?rest_route=\/wp\/v2\/pages\/46","targetHints":{"allow":["GET"]}}],"collection":[{"href":"https:\/\/www.swedishness.com\/index.php?rest_route=\/wp\/v2\/pages"}],"about":[{"href":"https:\/\/www.swedishness.com\/index.php?rest_route=\/wp\/v2\/types\/page"}],"author":[{"embeddable":true,"href":"https:\/\/www.swedishness.com\/index.php?rest_route=\/wp\/v2\/users\/2"}],"replies":[{"embeddable":true,"href":"https:\/\/www.swedishness.com\/index.php?rest_route=%2Fwp%2Fv2%2Fcomments&post=46"}],"version-history":[{"count":5,"href":"https:\/\/www.swedishness.com\/index.php?rest_route=\/wp\/v2\/pages\/46\/revisions"}],"predecessor-version":[{"id":73,"href":"https:\/\/www.swedishness.com\/index.php?rest_route=\/wp\/v2\/pages\/46\/revisions\/73"}],"wp:attachment":[{"href":"https:\/\/www.swedishness.com\/index.php?rest_route=%2Fwp%2Fv2%2Fmedia&parent=46"}],"curies":[{"name":"wp","href":"https:\/\/api.w.org\/{rel}","templated":true}]}}