{"id":41,"date":"2015-10-20T21:04:27","date_gmt":"2015-10-20T21:04:27","guid":{"rendered":"http:\/\/www.swedishness.com\/?page_id=41"},"modified":"2020-06-04T02:31:35","modified_gmt":"2020-06-04T02:31:35","slug":"leiebil-i-danmark","status":"publish","type":"page","link":"https:\/\/www.swedishness.com\/?page_id=41","title":{"rendered":"Leiebil i Danmark"},"content":{"rendered":"<p><a href=\"http:\/\/www.swedishness.com\/wp-content\/uploads\/2015\/10\/Danmark_er_-_igen_-_940060a.jpg\"><img loading=\"lazy\" decoding=\"async\" class=\"alignnone size-full wp-image-42\" src=\"http:\/\/www.swedishness.com\/wp-content\/uploads\/2015\/10\/Danmark_er_-_igen_-_940060a.jpg\" alt=\"Danmark_er_-_igen_-_940060a\" width=\"740\" height=\"409\" srcset=\"https:\/\/www.swedishness.com\/wp-content\/uploads\/2015\/10\/Danmark_er_-_igen_-_940060a.jpg 740w, https:\/\/www.swedishness.com\/wp-content\/uploads\/2015\/10\/Danmark_er_-_igen_-_940060a-300x166.jpg 300w\" sizes=\"auto, (max-width: 740px) 100vw, 740px\" \/><\/a><\/p>\n<p>\u00abDet der deilig \u00e5 v\u00e6re norsk i Danmark\u00bb, heter det seg visst. Og det er nok mange nordmenn som vil si seg enige i den beskrivelsen \u2013 for \u00e5rlig tar flere titalls tusener nordmenn turen over sj\u00f8en for \u00e5 bes\u00f8ke danske byer som K\u00f8benhavn, Aalborg eller Billund. Spesielt popul\u00e6rt er det med ferge fra Oslo eller Larvik, der man selv kan bestemme om man vil leie bil f\u00f8r man forlater Norge eller ordne dette n\u00e5r man kommer til Danmark. Uansett s\u00e5 har v\u00e5re glade naboer i s\u00f8r mange spennende opplevelser \u00e5 by p\u00e5.<\/p>\n<p>Det er naturligvis hovedstaden i Danmark som er det mest popul\u00e6re reisem\u00e5let. Den heter alts\u00e5 K\u00f8benhavn, og er med sine dr\u00f8ye 1,2 millioner innbyggere ganske s\u00e5 mye st\u00f8rre enn den norske hovedstaden. Medregnet byomr\u00e5dene rundt hovedstaden bor det rundt 1,9 millioner mennesker, av totalt 5,5 millioner mennesker i Danmark. K\u00f8benhavn ligger for \u00f8vrig langs den \u00f8stlige kystlinjen av \u00f8ya, og kun noen kilometer med hav skiller byen fra Sverige og Malm\u00f8.<\/p>\n<h2>Typiske byer \u00e5 bes\u00f8ke med leiebil<\/h2>\n<p>Danmark er et popul\u00e6rt ferieland for nordmenn, og sv\u00e6rt mange tar med egen bil eller leiebil n\u00e5r de bes\u00f8ker landet. Det g\u00e5r daglige ferger fra ulike kystbyer p\u00e5 \u00d8stlandet til henholdsvis Frederikshavn og K\u00f8benhavn, der man selv bestemmer om man vil leie bil hjemme i Norge eller vente til ankomst i Danmark. Det er uproblematisk \u00e5 leie bil i Danmark, og dessuten vil det som regel v\u00e6re billigere enn \u00e5 leie norsk bil. Leiebil anbefales for \u00f8vrig i Danmark, med mindre man kun skal bes\u00f8ke hovedstaden og ikke bevege seg utenfor landegrensene. Her er noen nettsteder hvor du kan leie bil i Danmark:<\/p>\n<p><a href=\"http:\/\/www.leiebilguiden.no\/danmark\/\">http:\/\/www.leiebilguiden.no\/danmark\/<\/a><\/p>\n<blockquote class=\"wp-embedded-content\" data-secret=\"UlNKilWovH\"><p><a href=\"https:\/\/goautos.com\/danmark\/danmark\/\">Danmark<\/a><\/p><\/blockquote>\n<p><iframe loading=\"lazy\" title=\"&#8220;Danmark&#8221; &#8212; Goautos.com\" class=\"wp-embedded-content\" sandbox=\"allow-scripts\" security=\"restricted\" style=\"position: absolute; clip: rect(1px, 1px, 1px, 1px);\" src=\"https:\/\/goautos.com\/danmark\/danmark\/embed\/#?secret=UlNKilWovH\" data-secret=\"UlNKilWovH\" width=\"600\" height=\"338\" frameborder=\"0\" marginwidth=\"0\" marginheight=\"0\" scrolling=\"no\"><\/iframe><\/p>\n<p><a href=\"https:\/\/www.kayak.no\/Billig-Kobenhavn-leiebil.8533.cars.ksp\" target=\"_blank\" rel=\"noopener noreferrer\">https:\/\/www.kayak.no\/Billig-Kobenhavn-leiebil.8533.cars.ksp<\/a><\/p>\n<h2>K\u00f8benhavn<\/h2>\n<p>Det mest popul\u00e6re turistm\u00e5let i <a href=\"http:\/\/www.visitdenmark.no\/no\/danmark\/no-turistforside\" target=\"_blank\" rel=\"noopener noreferrer\">Danmark<\/a> er naturligvis hovedstaden K\u00f8benhavn. Hit kan man enten ta seg med fly til lufthavnen Kastrup, som ligger like utenfor byen. Eller s\u00e5 kan man ta ferge fra Norge, og leiebil i havnen. Det er ogs\u00e5 popul\u00e6rt med en bilferie fra for eksempel Oslo og gjennom Sverige, der man blant annet kan svinge innom byer som G\u00f6teborg og Malm\u00f6 p\u00e5 veien til K\u00f8benhavn. Kj\u00f8ring i selve sentrum av K\u00f8benhavn er uproblematisk, og byen minner mye om Oslo n\u00e5r det kommer til trafikken. Leiebil er optimalt dersom man vil oppleve de sm\u00e5 bygdene langs kysten utenfor K\u00f8benhavn.<\/p>\n<h2>Aalborg<\/h2>\n<p>Bilferie i den nordlige delen av Danmark er nesten like popul\u00e6rt som et bes\u00f8k til hovedstaden. De fleste ankommer da Frederikshavn p\u00e5 nordspissen av Danmark med b\u00e5t, f\u00f8r man tar kj\u00f8returen p\u00e5 dr\u00f8ye 6,4 mil innover til <a href=\"http:\/\/www.leiebilguiden.no\/danmark\/aalborg\/\" target=\"_blank\" rel=\"noopener noreferrer\">Aalborg<\/a>. Danmark er kjent som \u00abdet flate landet\u00bb, og derfor holder veinettet sv\u00e6rt h\u00f8y kvalitet \u2013 og h\u00f8y fartsgrense. Kj\u00f8returen innover til Aalborg tar derfor bare anslagsvis 45 minutter! Leiebil finner du allerede n\u00e5r du g\u00e5r av b\u00e5ten i Frederikshavn, og den kan komme godt med n\u00e5r man skal utforske Aalborg.<\/p>\n<h2>Billund<\/h2>\n<p>Danskene er verdenskjente for sin fantastiske oppfinnelse LEGO, og det \u00aboriginale\u00bb LEGO-land ligger i Danmark. N\u00e6rmere bestemt ligger det i <a href=\"https:\/\/goautos.no\/leiebil\/billund\/\" target=\"_blank\" rel=\"noopener noreferrer\">Billund<\/a>, som derfor er et popul\u00e6rt reisem\u00e5l for norske barnefamilier. Denne byen ligger inne i landet i det s\u00f8rvestlige Danmark, og er et stykke fra de to overnevnte byene. Allikevel s\u00e5 er ikke kj\u00f8returen fra Frederikshavn lengre enn knappe tre timer, og f\u00f8lgelig er leiebil den enkleste m\u00e5ten \u00e5 ta seg til Billund p\u00e5. Man kan ogs\u00e5 fly til K\u00f8benhavn for \u00e5 leie bil p\u00e5 flyplassen der, og kj\u00f8returen til Billund er av tilsvarende lengde herfra.<\/p>\n<h2>Trafikkregler i Danmark<\/h2>\n<p>Nordmenn f\u00f8ler seg langt tryggere p\u00e5 danske veier enn hva man gj\u00f8r i andre europeiske land, ettersom trafikkreglene er stort sett veldig like de norske. Veinettet er dog av langt h\u00f8yere kvalitet, og fartsgrensen p\u00e5 motorveien er som regel 135 km\/t. De fleste lokale kj\u00f8rer uansett fortere enn dette, og med midtdelte veier som stort sett g\u00e5r rett frem s\u00e5 vil de fleste oppleve det som uproblematisk \u00e5 kj\u00f8re i Danmark. Hastighetene p\u00e5 vanlig landevei er enten 80 km\/t eller 90 km\/t.<\/p>\n<p>V\u00e6r for \u00f8vrig obs p\u00e5 at du m\u00e5 vike fra trafikk som kommer fra h\u00f8yre, og at det ikke er lov til \u00e5 bruke mobiltelefon n\u00e5r man kj\u00f8rer. Du har ogs\u00e5 vikeplikt for syklister.<\/p>\n","protected":false},"excerpt":{"rendered":"<p>\u00abDet der deilig \u00e5 v\u00e6re norsk i Danmark\u00bb, heter det seg visst. Og det er nok mange nordmenn som vil si seg enige i den beskrivelsen \u2013 for \u00e5rlig tar flere titalls tusener nordmenn turen over sj\u00f8en for \u00e5 bes\u00f8ke danske byer som K\u00f8benhavn, Aalborg eller Billund. Spesielt popul\u00e6rt er det med ferge fra Oslo &#8230; <span class=\"more\"><a class=\"more-link\" href=\"https:\/\/www.swedishness.com\/?page_id=41\">[Read more&#8230;]<\/a><\/span><\/p>\n","protected":false},"author":2,"featured_media":0,"parent":0,"menu_order":0,"comment_status":"closed","ping_status":"closed","template":"","meta":{"footnotes":""},"class_list":["entry","page","publish","author-eivind","post-41"],"yoast_head":"<!-- This site is optimized with the Yoast SEO plugin v27.4 - https:\/\/yoast.com\/product\/yoast-seo-wordpress\/ -->\n<title>Leiebil i Danmark - Swedishness.com<\/title>\n<meta name=\"robots\" content=\"index, follow, max-snippet:-1, max-image-preview:large, max-video-preview:-1\" \/>\n<link rel=\"canonical\" href=\"https:\/\/www.swedishness.com\/?page_id=41\" \/>\n<meta property=\"og:locale\" content=\"en_US\" \/>\n<meta property=\"og:type\" content=\"article\" \/>\n<meta property=\"og:title\" content=\"Leiebil i Danmark - Swedishness.com\" \/>\n<meta property=\"og:description\" content=\"\u00abDet der deilig \u00e5 v\u00e6re norsk i Danmark\u00bb, heter det seg visst. Og det er nok mange nordmenn som vil si seg enige i den beskrivelsen \u2013 for \u00e5rlig tar flere titalls tusener nordmenn turen over sj\u00f8en for \u00e5 bes\u00f8ke danske byer som K\u00f8benhavn, Aalborg eller Billund. Spesielt popul\u00e6rt er det med ferge fra Oslo ... [Read more...]\" \/>\n<meta property=\"og:url\" content=\"https:\/\/www.swedishness.com\/?page_id=41\" \/>\n<meta property=\"og:site_name\" content=\"Swedishness.com\" \/>\n<meta property=\"article:modified_time\" content=\"2020-06-04T02:31:35+00:00\" \/>\n<meta property=\"og:image\" content=\"http:\/\/www.swedishness.com\/wp-content\/uploads\/2015\/10\/Danmark_er_-_igen_-_940060a.jpg\" \/>\n<meta name=\"twitter:card\" content=\"summary_large_image\" \/>\n<meta name=\"twitter:label1\" content=\"Est. reading time\" \/>\n\t<meta name=\"twitter:data1\" content=\"4 minutes\" \/>\n<script type=\"application\/ld+json\" class=\"yoast-schema-graph\">{\"@context\":\"https:\\\/\\\/schema.org\",\"@graph\":[{\"@type\":\"WebPage\",\"@id\":\"https:\\\/\\\/www.swedishness.com\\\/?page_id=41\",\"url\":\"https:\\\/\\\/www.swedishness.com\\\/?page_id=41\",\"name\":\"Leiebil i Danmark - Swedishness.com\",\"isPartOf\":{\"@id\":\"https:\\\/\\\/www.swedishness.com\\\/#website\"},\"primaryImageOfPage\":{\"@id\":\"https:\\\/\\\/www.swedishness.com\\\/?page_id=41#primaryimage\"},\"image\":{\"@id\":\"https:\\\/\\\/www.swedishness.com\\\/?page_id=41#primaryimage\"},\"thumbnailUrl\":\"http:\\\/\\\/www.swedishness.com\\\/wp-content\\\/uploads\\\/2015\\\/10\\\/Danmark_er_-_igen_-_940060a.jpg\",\"datePublished\":\"2015-10-20T21:04:27+00:00\",\"dateModified\":\"2020-06-04T02:31:35+00:00\",\"breadcrumb\":{\"@id\":\"https:\\\/\\\/www.swedishness.com\\\/?page_id=41#breadcrumb\"},\"inLanguage\":\"en-US\",\"potentialAction\":[{\"@type\":\"ReadAction\",\"target\":[\"https:\\\/\\\/www.swedishness.com\\\/?page_id=41\"]}]},{\"@type\":\"ImageObject\",\"inLanguage\":\"en-US\",\"@id\":\"https:\\\/\\\/www.swedishness.com\\\/?page_id=41#primaryimage\",\"url\":\"http:\\\/\\\/www.swedishness.com\\\/wp-content\\\/uploads\\\/2015\\\/10\\\/Danmark_er_-_igen_-_940060a.jpg\",\"contentUrl\":\"http:\\\/\\\/www.swedishness.com\\\/wp-content\\\/uploads\\\/2015\\\/10\\\/Danmark_er_-_igen_-_940060a.jpg\"},{\"@type\":\"BreadcrumbList\",\"@id\":\"https:\\\/\\\/www.swedishness.com\\\/?page_id=41#breadcrumb\",\"itemListElement\":[{\"@type\":\"ListItem\",\"position\":1,\"name\":\"Home\",\"item\":\"https:\\\/\\\/www.swedishness.com\\\/\"},{\"@type\":\"ListItem\",\"position\":2,\"name\":\"Leiebil i Danmark\"}]},{\"@type\":\"WebSite\",\"@id\":\"https:\\\/\\\/www.swedishness.com\\\/#website\",\"url\":\"https:\\\/\\\/www.swedishness.com\\\/\",\"name\":\"Swedishness.com\",\"description\":\"\",\"potentialAction\":[{\"@type\":\"SearchAction\",\"target\":{\"@type\":\"EntryPoint\",\"urlTemplate\":\"https:\\\/\\\/www.swedishness.com\\\/?s={search_term_string}\"},\"query-input\":{\"@type\":\"PropertyValueSpecification\",\"valueRequired\":true,\"valueName\":\"search_term_string\"}}],\"inLanguage\":\"en-US\"}]}<\/script>\n<!-- \/ Yoast SEO plugin. -->","yoast_head_json":{"title":"Leiebil i Danmark - Swedishness.com","robots":{"index":"index","follow":"follow","max-snippet":"max-snippet:-1","max-image-preview":"max-image-preview:large","max-video-preview":"max-video-preview:-1"},"canonical":"https:\/\/www.swedishness.com\/?page_id=41","og_locale":"en_US","og_type":"article","og_title":"Leiebil i Danmark - Swedishness.com","og_description":"\u00abDet der deilig \u00e5 v\u00e6re norsk i Danmark\u00bb, heter det seg visst. Og det er nok mange nordmenn som vil si seg enige i den beskrivelsen \u2013 for \u00e5rlig tar flere titalls tusener nordmenn turen over sj\u00f8en for \u00e5 bes\u00f8ke danske byer som K\u00f8benhavn, Aalborg eller Billund. Spesielt popul\u00e6rt er det med ferge fra Oslo ... [Read more...]","og_url":"https:\/\/www.swedishness.com\/?page_id=41","og_site_name":"Swedishness.com","article_modified_time":"2020-06-04T02:31:35+00:00","og_image":[{"url":"http:\/\/www.swedishness.com\/wp-content\/uploads\/2015\/10\/Danmark_er_-_igen_-_940060a.jpg","type":"","width":"","height":""}],"twitter_card":"summary_large_image","twitter_misc":{"Est. reading time":"4 minutes"},"schema":{"@context":"https:\/\/schema.org","@graph":[{"@type":"WebPage","@id":"https:\/\/www.swedishness.com\/?page_id=41","url":"https:\/\/www.swedishness.com\/?page_id=41","name":"Leiebil i Danmark - Swedishness.com","isPartOf":{"@id":"https:\/\/www.swedishness.com\/#website"},"primaryImageOfPage":{"@id":"https:\/\/www.swedishness.com\/?page_id=41#primaryimage"},"image":{"@id":"https:\/\/www.swedishness.com\/?page_id=41#primaryimage"},"thumbnailUrl":"http:\/\/www.swedishness.com\/wp-content\/uploads\/2015\/10\/Danmark_er_-_igen_-_940060a.jpg","datePublished":"2015-10-20T21:04:27+00:00","dateModified":"2020-06-04T02:31:35+00:00","breadcrumb":{"@id":"https:\/\/www.swedishness.com\/?page_id=41#breadcrumb"},"inLanguage":"en-US","potentialAction":[{"@type":"ReadAction","target":["https:\/\/www.swedishness.com\/?page_id=41"]}]},{"@type":"ImageObject","inLanguage":"en-US","@id":"https:\/\/www.swedishness.com\/?page_id=41#primaryimage","url":"http:\/\/www.swedishness.com\/wp-content\/uploads\/2015\/10\/Danmark_er_-_igen_-_940060a.jpg","contentUrl":"http:\/\/www.swedishness.com\/wp-content\/uploads\/2015\/10\/Danmark_er_-_igen_-_940060a.jpg"},{"@type":"BreadcrumbList","@id":"https:\/\/www.swedishness.com\/?page_id=41#breadcrumb","itemListElement":[{"@type":"ListItem","position":1,"name":"Home","item":"https:\/\/www.swedishness.com\/"},{"@type":"ListItem","position":2,"name":"Leiebil i Danmark"}]},{"@type":"WebSite","@id":"https:\/\/www.swedishness.com\/#website","url":"https:\/\/www.swedishness.com\/","name":"Swedishness.com","description":"","potentialAction":[{"@type":"SearchAction","target":{"@type":"EntryPoint","urlTemplate":"https:\/\/www.swedishness.com\/?s={search_term_string}"},"query-input":{"@type":"PropertyValueSpecification","valueRequired":true,"valueName":"search_term_string"}}],"inLanguage":"en-US"}]}},"_links":{"self":[{"href":"https:\/\/www.swedishness.com\/index.php?rest_route=\/wp\/v2\/pages\/41","targetHints":{"allow":["GET"]}}],"collection":[{"href":"https:\/\/www.swedishness.com\/index.php?rest_route=\/wp\/v2\/pages"}],"about":[{"href":"https:\/\/www.swedishness.com\/index.php?rest_route=\/wp\/v2\/types\/page"}],"author":[{"embeddable":true,"href":"https:\/\/www.swedishness.com\/index.php?rest_route=\/wp\/v2\/users\/2"}],"replies":[{"embeddable":true,"href":"https:\/\/www.swedishness.com\/index.php?rest_route=%2Fwp%2Fv2%2Fcomments&post=41"}],"version-history":[{"count":4,"href":"https:\/\/www.swedishness.com\/index.php?rest_route=\/wp\/v2\/pages\/41\/revisions"}],"predecessor-version":[{"id":90,"href":"https:\/\/www.swedishness.com\/index.php?rest_route=\/wp\/v2\/pages\/41\/revisions\/90"}],"wp:attachment":[{"href":"https:\/\/www.swedishness.com\/index.php?rest_route=%2Fwp%2Fv2%2Fmedia&parent=41"}],"curies":[{"name":"wp","href":"https:\/\/api.w.org\/{rel}","templated":true}]}}