{"id":27,"date":"2015-10-20T20:48:23","date_gmt":"2015-10-20T20:48:23","guid":{"rendered":"http:\/\/www.swedishness.com\/?page_id=27"},"modified":"2015-10-22T05:46:49","modified_gmt":"2015-10-22T05:46:49","slug":"info-om-hotell-tiller","status":"publish","type":"page","link":"https:\/\/www.swedishness.com\/?page_id=27","title":{"rendered":"Hotell i Trondheim"},"content":{"rendered":"<p><a href=\"http:\/\/www.swedishness.com\/wp-content\/uploads\/2015\/10\/Quality_Hotel_Panorama_p\u00e5_Tiller_i_Trondheim_4.jpg\"><img loading=\"lazy\" decoding=\"async\" class=\"alignnone size-full wp-image-28\" src=\"http:\/\/www.swedishness.com\/wp-content\/uploads\/2015\/10\/Quality_Hotel_Panorama_p\u00e5_Tiller_i_Trondheim_4.jpg\" alt=\"Quality_Hotel_Panorama_p\u00e5_Tiller_i_Trondheim_(4)\" width=\"740\" height=\"386\" srcset=\"https:\/\/www.swedishness.com\/wp-content\/uploads\/2015\/10\/Quality_Hotel_Panorama_p\u00e5_Tiller_i_Trondheim_4.jpg 740w, https:\/\/www.swedishness.com\/wp-content\/uploads\/2015\/10\/Quality_Hotel_Panorama_p\u00e5_Tiller_i_Trondheim_4-300x156.jpg 300w\" sizes=\"auto, (max-width: 740px) 100vw, 740px\" \/><\/a><\/p>\n<p>Quality Hotel Panorama er et stort konferansehotell som ligger p\u00e5 Tiller like utenfor <a href=\"http:\/\/www.trondheim.no\/\" target=\"_blank\">Trondheim<\/a>. Tiller er en \u00abny bydel\u00bb omtrent \u00e9n mil s\u00f8r for selve Trondheim, som i stor grad best\u00e5r av store butikker og kj\u00f8pesentre. Booking av hotellet kan gj\u00f8res blant annet p\u00e5 <a href=\"http:\/\/www.trondheimhotell.no\" target=\"_blank\">hotell Trondheim<\/a>.<\/p>\n<h2>Beliggenhet<\/h2>\n<p>Quality Hotel Panorama har en beliggenhet som gj\u00f8r at det er noe uegnet for turister, med mindre man \u00f8nsker \u00e5 benytte seg av kollektivtransport\/leiebil for \u00e5 ta seg inn til sentrum. Avstanden er som nevnt innledningsvis p\u00e5 en dr\u00f8y mil, og f\u00f8lgelig er ikke Quality Hotel Panorama det optimale f\u00f8rstevalget for turister. Dog er det et utmerket konferansehotell, med alle muligheter for bedrifter som \u00f8nsker \u00e5 ta med sine ansatte p\u00e5 en spennende weekend. I umiddelbar n\u00e6rhet finnes det utallige muligheter for shopping, i tillegg til massevis av spennende aktiviteter. Daglig g\u00e5r det ogs\u00e5 buss innover til sentrum av Trondheim.<\/p>\n<h2>Rom<\/h2>\n<p>Quality Hotel Panorama er et moderne hotell med forholdsvis god standard p\u00e5 rommene. Hotellet har blitt tildelt 3 og en halv stjerne for sin kvalitet og service, men rommene vil kanskje oppleves som enda bedre enn som s\u00e5. Det er ikke noen forskjell i standarden p\u00e5 rommene, annet enn at du kan velge om du vil ha dobbeltseng eller to enkeltsenger. Det er ogs\u00e5 mulig med ekstraseng slik at det maksimalt er plass til tre personer p\u00e5 ett rom. Rommene inkluderer grunnleggende fasiliteter som TV, h\u00e5rf\u00f8ner, minibar, strykejern og gratis tr\u00e5dl\u00f8st internett.<\/p>\n<h2>Fasiliteter<\/h2>\n<p>Quality Hotel Panorama er et utmerket konferansehotell med det meste av muligheter. Konferanselokaler og m\u00f8terom finnes i flertall, med den st\u00f8rste salen som kan ta imot nesten 300 gjester samtidig. Hotellet har ogs\u00e5 egen badstue og bar\/lounge med alle rettigheter. I hotellrestauranten The Dining Room kan du nyte alle dagens m\u00e5ltider, samtidig som frokosten som serveres her er inkludert i prisen. Utover dette tilbyr hotellet d\u00f8gn\u00e5pen resepsjon og diverse resepsjonstjenester.<\/p>\n","protected":false},"excerpt":{"rendered":"<p>Quality Hotel Panorama er et stort konferansehotell som ligger p\u00e5 Tiller like utenfor Trondheim. Tiller er en \u00abny bydel\u00bb omtrent \u00e9n mil s\u00f8r for selve Trondheim, som i stor grad best\u00e5r av store butikker og kj\u00f8pesentre. Booking av hotellet kan gj\u00f8res blant annet p\u00e5 hotell Trondheim. Beliggenhet Quality Hotel Panorama har en beliggenhet som gj\u00f8r &#8230; <span class=\"more\"><a class=\"more-link\" href=\"https:\/\/www.swedishness.com\/?page_id=27\">[Read more&#8230;]<\/a><\/span><\/p>\n","protected":false},"author":2,"featured_media":0,"parent":0,"menu_order":0,"comment_status":"closed","ping_status":"closed","template":"","meta":{"footnotes":""},"class_list":["entry","page","publish","author-eivind","post-27"],"yoast_head":"<!-- This site is optimized with the Yoast SEO plugin v27.3 - https:\/\/yoast.com\/product\/yoast-seo-wordpress\/ -->\n<title>Hotell i Trondheim - Swedishness.com<\/title>\n<meta name=\"robots\" content=\"index, follow, max-snippet:-1, max-image-preview:large, max-video-preview:-1\" \/>\n<link rel=\"canonical\" href=\"https:\/\/www.swedishness.com\/?page_id=27\" \/>\n<meta property=\"og:locale\" content=\"en_US\" \/>\n<meta property=\"og:type\" content=\"article\" \/>\n<meta property=\"og:title\" content=\"Hotell i Trondheim - Swedishness.com\" \/>\n<meta property=\"og:description\" content=\"Quality Hotel Panorama er et stort konferansehotell som ligger p\u00e5 Tiller like utenfor Trondheim. Tiller er en \u00abny bydel\u00bb omtrent \u00e9n mil s\u00f8r for selve Trondheim, som i stor grad best\u00e5r av store butikker og kj\u00f8pesentre. Booking av hotellet kan gj\u00f8res blant annet p\u00e5 hotell Trondheim. Beliggenhet Quality Hotel Panorama har en beliggenhet som gj\u00f8r ... [Read more...]\" \/>\n<meta property=\"og:url\" content=\"https:\/\/www.swedishness.com\/?page_id=27\" \/>\n<meta property=\"og:site_name\" content=\"Swedishness.com\" \/>\n<meta property=\"article:modified_time\" content=\"2015-10-22T05:46:49+00:00\" \/>\n<meta property=\"og:image\" content=\"http:\/\/www.swedishness.com\/wp-content\/uploads\/2015\/10\/Quality_Hotel_Panorama_p\u00e5_Tiller_i_Trondheim_4.jpg\" \/>\n<meta name=\"twitter:card\" content=\"summary_large_image\" \/>\n<meta name=\"twitter:label1\" content=\"Est. reading time\" \/>\n\t<meta name=\"twitter:data1\" content=\"2 minutes\" \/>\n<script type=\"application\/ld+json\" class=\"yoast-schema-graph\">{\"@context\":\"https:\\\/\\\/schema.org\",\"@graph\":[{\"@type\":\"WebPage\",\"@id\":\"https:\\\/\\\/www.swedishness.com\\\/?page_id=27\",\"url\":\"https:\\\/\\\/www.swedishness.com\\\/?page_id=27\",\"name\":\"Hotell i Trondheim - Swedishness.com\",\"isPartOf\":{\"@id\":\"https:\\\/\\\/www.swedishness.com\\\/#website\"},\"datePublished\":\"2015-10-20T20:48:23+00:00\",\"dateModified\":\"2015-10-22T05:46:49+00:00\",\"breadcrumb\":{\"@id\":\"https:\\\/\\\/www.swedishness.com\\\/?page_id=27#breadcrumb\"},\"inLanguage\":\"en-US\",\"potentialAction\":[{\"@type\":\"ReadAction\",\"target\":[\"https:\\\/\\\/www.swedishness.com\\\/?page_id=27\"]}]},{\"@type\":\"BreadcrumbList\",\"@id\":\"https:\\\/\\\/www.swedishness.com\\\/?page_id=27#breadcrumb\",\"itemListElement\":[{\"@type\":\"ListItem\",\"position\":1,\"name\":\"Home\",\"item\":\"https:\\\/\\\/www.swedishness.com\\\/\"},{\"@type\":\"ListItem\",\"position\":2,\"name\":\"Hotell i Trondheim\"}]},{\"@type\":\"WebSite\",\"@id\":\"https:\\\/\\\/www.swedishness.com\\\/#website\",\"url\":\"https:\\\/\\\/www.swedishness.com\\\/\",\"name\":\"Swedishness.com\",\"description\":\"\",\"potentialAction\":[{\"@type\":\"SearchAction\",\"target\":{\"@type\":\"EntryPoint\",\"urlTemplate\":\"https:\\\/\\\/www.swedishness.com\\\/?s={search_term_string}\"},\"query-input\":{\"@type\":\"PropertyValueSpecification\",\"valueRequired\":true,\"valueName\":\"search_term_string\"}}],\"inLanguage\":\"en-US\"}]}<\/script>\n<!-- \/ Yoast SEO plugin. -->","yoast_head_json":{"title":"Hotell i Trondheim - Swedishness.com","robots":{"index":"index","follow":"follow","max-snippet":"max-snippet:-1","max-image-preview":"max-image-preview:large","max-video-preview":"max-video-preview:-1"},"canonical":"https:\/\/www.swedishness.com\/?page_id=27","og_locale":"en_US","og_type":"article","og_title":"Hotell i Trondheim - Swedishness.com","og_description":"Quality Hotel Panorama er et stort konferansehotell som ligger p\u00e5 Tiller like utenfor Trondheim. Tiller er en \u00abny bydel\u00bb omtrent \u00e9n mil s\u00f8r for selve Trondheim, som i stor grad best\u00e5r av store butikker og kj\u00f8pesentre. Booking av hotellet kan gj\u00f8res blant annet p\u00e5 hotell Trondheim. Beliggenhet Quality Hotel Panorama har en beliggenhet som gj\u00f8r ... [Read more...]","og_url":"https:\/\/www.swedishness.com\/?page_id=27","og_site_name":"Swedishness.com","article_modified_time":"2015-10-22T05:46:49+00:00","og_image":[{"url":"http:\/\/www.swedishness.com\/wp-content\/uploads\/2015\/10\/Quality_Hotel_Panorama_p\u00e5_Tiller_i_Trondheim_4.jpg","type":"","width":"","height":""}],"twitter_card":"summary_large_image","twitter_misc":{"Est. reading time":"2 minutes"},"schema":{"@context":"https:\/\/schema.org","@graph":[{"@type":"WebPage","@id":"https:\/\/www.swedishness.com\/?page_id=27","url":"https:\/\/www.swedishness.com\/?page_id=27","name":"Hotell i Trondheim - Swedishness.com","isPartOf":{"@id":"https:\/\/www.swedishness.com\/#website"},"datePublished":"2015-10-20T20:48:23+00:00","dateModified":"2015-10-22T05:46:49+00:00","breadcrumb":{"@id":"https:\/\/www.swedishness.com\/?page_id=27#breadcrumb"},"inLanguage":"en-US","potentialAction":[{"@type":"ReadAction","target":["https:\/\/www.swedishness.com\/?page_id=27"]}]},{"@type":"BreadcrumbList","@id":"https:\/\/www.swedishness.com\/?page_id=27#breadcrumb","itemListElement":[{"@type":"ListItem","position":1,"name":"Home","item":"https:\/\/www.swedishness.com\/"},{"@type":"ListItem","position":2,"name":"Hotell i Trondheim"}]},{"@type":"WebSite","@id":"https:\/\/www.swedishness.com\/#website","url":"https:\/\/www.swedishness.com\/","name":"Swedishness.com","description":"","potentialAction":[{"@type":"SearchAction","target":{"@type":"EntryPoint","urlTemplate":"https:\/\/www.swedishness.com\/?s={search_term_string}"},"query-input":{"@type":"PropertyValueSpecification","valueRequired":true,"valueName":"search_term_string"}}],"inLanguage":"en-US"}]}},"_links":{"self":[{"href":"https:\/\/www.swedishness.com\/index.php?rest_route=\/wp\/v2\/pages\/27","targetHints":{"allow":["GET"]}}],"collection":[{"href":"https:\/\/www.swedishness.com\/index.php?rest_route=\/wp\/v2\/pages"}],"about":[{"href":"https:\/\/www.swedishness.com\/index.php?rest_route=\/wp\/v2\/types\/page"}],"author":[{"embeddable":true,"href":"https:\/\/www.swedishness.com\/index.php?rest_route=\/wp\/v2\/users\/2"}],"replies":[{"embeddable":true,"href":"https:\/\/www.swedishness.com\/index.php?rest_route=%2Fwp%2Fv2%2Fcomments&post=27"}],"version-history":[{"count":4,"href":"https:\/\/www.swedishness.com\/index.php?rest_route=\/wp\/v2\/pages\/27\/revisions"}],"predecessor-version":[{"id":68,"href":"https:\/\/www.swedishness.com\/index.php?rest_route=\/wp\/v2\/pages\/27\/revisions\/68"}],"wp:attachment":[{"href":"https:\/\/www.swedishness.com\/index.php?rest_route=%2Fwp%2Fv2%2Fmedia&parent=27"}],"curies":[{"name":"wp","href":"https:\/\/api.w.org\/{rel}","templated":true}]}}