{"id":14,"date":"2015-10-20T20:35:15","date_gmt":"2015-10-20T20:35:15","guid":{"rendered":"http:\/\/www.swedishness.com\/?page_id=14"},"modified":"2015-10-22T05:42:28","modified_gmt":"2015-10-22T05:42:28","slug":"4-billige-hoteller-i-kobenhavn","status":"publish","type":"page","link":"https:\/\/www.swedishness.com\/?page_id=14","title":{"rendered":"4 billige hoteller i K\u00f8benhavn"},"content":{"rendered":"<p><a href=\"http:\/\/www.swedishness.com\/wp-content\/uploads\/2015\/10\/Opera_Copenhagen_08.jpg\"><img loading=\"lazy\" decoding=\"async\" class=\"alignnone size-full wp-image-15\" src=\"http:\/\/www.swedishness.com\/wp-content\/uploads\/2015\/10\/Opera_Copenhagen_08.jpg\" alt=\"Opera_Copenhagen_08\" width=\"740\" height=\"328\" srcset=\"https:\/\/www.swedishness.com\/wp-content\/uploads\/2015\/10\/Opera_Copenhagen_08.jpg 740w, https:\/\/www.swedishness.com\/wp-content\/uploads\/2015\/10\/Opera_Copenhagen_08-300x133.jpg 300w\" sizes=\"auto, (max-width: 740px) 100vw, 740px\" \/><\/a><\/p>\n<p>\u00c5 finne et billig <a href=\"http:\/\/www.hotellkobenhavn.no\" target=\"_blank\">hotell K\u00f8benhavn<\/a> er ikke like alltid enkelt, ettersom det er en meget popul\u00e6r turistdestinasjon \u2013 spesielt i sommerhalv\u00e5ret. Allikevel skal vi gj\u00f8re det enkelt for deg ved \u00e5 anbefale 4 billige hoteller i K\u00f8benhavn.<\/p>\n<h2>Hotel Ansgar<\/h2>\n<p>Dette hotellet er et 3-stjerners hotell som ligger s\u00e5 godt som midt i hjertet av K\u00f8benhavn. Avstanden ned til tivoliet i sentrum av byen er p\u00e5 knappe 800 meter, mens g\u00e5gaten Str\u00f8get ogs\u00e5 er n\u00e6rliggende med en avstand p\u00e5 bare halvannen kilometer. Hotellet har 81 gjesterom av forholdsvis enkel, men moderne standard. Frokost serveres i restauranten, og andre fasiliteter man forventer av et typisk turisthotell tilbys ogs\u00e5. Prisniv\u00e5et er middels-billig.<\/p>\n<h2>First Hotel Excelsior<\/h2>\n<p>First Hotel Excelsior er et sentrumsn\u00e6rt hotell som ligger s\u00e5 godt som \u00abmidt i sm\u00f8r\u00f8yet\u00bb for turister. Beliggenheten er s\u00e5pass sentral at du kan spasere til samtlige turistattraksjoner og severdigheter i K\u00f8benhavn, med g\u00e5gaten Str\u00f8get bare 900 meter fra hotelld\u00f8ren. Rommene holder forholdsvis enkel standard, men til \u00e5 v\u00e6re et sv\u00e6rt billig 3-stjerners hotell i sentrum av den danske hovedstaden, s\u00e5 f\u00e5r du mye igjen for pengene.<\/p>\n<h2>City Hotel Nebo<\/h2>\n<p><iframe loading=\"lazy\" src=\"https:\/\/www.youtube.com\/embed\/Jzu_CIZQHkA\" width=\"740\" height=\"416\" frameborder=\"0\" allowfullscreen=\"allowfullscreen\"><\/iframe>City Hotel Nebo er et av de billigste sentrumshotellene i K\u00f8benhavn. Bor du p\u00e5 City Hotel Nebo, s\u00e5 kan du spasere til alt av severdigheter i den danske hovedstaden. Tivoli ligger omtrent 400 meter fra hotellet, mens g\u00e5gaten Str\u00f8get ligger 1 kilometer fra hotellet. Rommene er forholdsvis enkle og ikke veldig moderne, men den lave prisen og den sentrale beliggenheten forsvarer et opphold p\u00e5 hotellet.<\/p>\n<h2>CABINN City<\/h2>\n<p><a href=\"http:\/\/www.cabinn.com\/hotel\/city-hotel-koebenhavn-copenhagen\" target=\"_blank\">CABINN-kjeden<\/a> har flere store hoteller i K\u00f8benhavn. Deres City-hotell ligger s\u00e5 godt som midt i sentrum, kun en knapp kilometer fra Tivoli. Hotellet har 352 gjesterom og 2-stjerners standard, men til tross for dette s\u00e5 ser rommene forholdsvis moderne og lyse ut. Et utmerket valg for deg som bes\u00f8ker K\u00f8benhavn p\u00e5 budsjett, og som samtidig vil bo sentralt midt i storbyen.<\/p>\n","protected":false},"excerpt":{"rendered":"<p>\u00c5 finne et billig hotell K\u00f8benhavn er ikke like alltid enkelt, ettersom det er en meget popul\u00e6r turistdestinasjon \u2013 spesielt i sommerhalv\u00e5ret. Allikevel skal vi gj\u00f8re det enkelt for deg ved \u00e5 anbefale 4 billige hoteller i K\u00f8benhavn. Hotel Ansgar Dette hotellet er et 3-stjerners hotell som ligger s\u00e5 godt som midt i hjertet av &#8230; <span class=\"more\"><a class=\"more-link\" href=\"https:\/\/www.swedishness.com\/?page_id=14\">[Read more&#8230;]<\/a><\/span><\/p>\n","protected":false},"author":2,"featured_media":0,"parent":0,"menu_order":0,"comment_status":"closed","ping_status":"closed","template":"","meta":{"footnotes":""},"class_list":["entry","page","publish","author-eivind","post-14"],"yoast_head":"<!-- This site is optimized with the Yoast SEO plugin v27.5 - https:\/\/yoast.com\/product\/yoast-seo-wordpress\/ -->\n<title>4 billige hoteller i K\u00f8benhavn - Swedishness.com<\/title>\n<meta name=\"robots\" content=\"index, follow, max-snippet:-1, max-image-preview:large, max-video-preview:-1\" \/>\n<link rel=\"canonical\" href=\"https:\/\/www.swedishness.com\/?page_id=14\" \/>\n<meta property=\"og:locale\" content=\"en_US\" \/>\n<meta property=\"og:type\" content=\"article\" \/>\n<meta property=\"og:title\" content=\"4 billige hoteller i K\u00f8benhavn - Swedishness.com\" \/>\n<meta property=\"og:description\" content=\"\u00c5 finne et billig hotell K\u00f8benhavn er ikke like alltid enkelt, ettersom det er en meget popul\u00e6r turistdestinasjon \u2013 spesielt i sommerhalv\u00e5ret. Allikevel skal vi gj\u00f8re det enkelt for deg ved \u00e5 anbefale 4 billige hoteller i K\u00f8benhavn. Hotel Ansgar Dette hotellet er et 3-stjerners hotell som ligger s\u00e5 godt som midt i hjertet av ... [Read more...]\" \/>\n<meta property=\"og:url\" content=\"https:\/\/www.swedishness.com\/?page_id=14\" \/>\n<meta property=\"og:site_name\" content=\"Swedishness.com\" \/>\n<meta property=\"article:modified_time\" content=\"2015-10-22T05:42:28+00:00\" \/>\n<meta property=\"og:image\" content=\"http:\/\/www.swedishness.com\/wp-content\/uploads\/2015\/10\/Opera_Copenhagen_08.jpg\" \/>\n<meta name=\"twitter:card\" content=\"summary_large_image\" \/>\n<meta name=\"twitter:label1\" content=\"Est. reading time\" \/>\n\t<meta name=\"twitter:data1\" content=\"2 minutes\" \/>\n<script type=\"application\/ld+json\" class=\"yoast-schema-graph\">{\"@context\":\"https:\\\/\\\/schema.org\",\"@graph\":[{\"@type\":\"WebPage\",\"@id\":\"https:\\\/\\\/www.swedishness.com\\\/?page_id=14\",\"url\":\"https:\\\/\\\/www.swedishness.com\\\/?page_id=14\",\"name\":\"4 billige hoteller i K\u00f8benhavn - Swedishness.com\",\"isPartOf\":{\"@id\":\"https:\\\/\\\/www.swedishness.com\\\/#website\"},\"primaryImageOfPage\":{\"@id\":\"https:\\\/\\\/www.swedishness.com\\\/?page_id=14#primaryimage\"},\"image\":{\"@id\":\"https:\\\/\\\/www.swedishness.com\\\/?page_id=14#primaryimage\"},\"thumbnailUrl\":\"http:\\\/\\\/www.swedishness.com\\\/wp-content\\\/uploads\\\/2015\\\/10\\\/Opera_Copenhagen_08.jpg\",\"datePublished\":\"2015-10-20T20:35:15+00:00\",\"dateModified\":\"2015-10-22T05:42:28+00:00\",\"breadcrumb\":{\"@id\":\"https:\\\/\\\/www.swedishness.com\\\/?page_id=14#breadcrumb\"},\"inLanguage\":\"en-US\",\"potentialAction\":[{\"@type\":\"ReadAction\",\"target\":[\"https:\\\/\\\/www.swedishness.com\\\/?page_id=14\"]}]},{\"@type\":\"ImageObject\",\"inLanguage\":\"en-US\",\"@id\":\"https:\\\/\\\/www.swedishness.com\\\/?page_id=14#primaryimage\",\"url\":\"http:\\\/\\\/www.swedishness.com\\\/wp-content\\\/uploads\\\/2015\\\/10\\\/Opera_Copenhagen_08.jpg\",\"contentUrl\":\"http:\\\/\\\/www.swedishness.com\\\/wp-content\\\/uploads\\\/2015\\\/10\\\/Opera_Copenhagen_08.jpg\"},{\"@type\":\"BreadcrumbList\",\"@id\":\"https:\\\/\\\/www.swedishness.com\\\/?page_id=14#breadcrumb\",\"itemListElement\":[{\"@type\":\"ListItem\",\"position\":1,\"name\":\"Home\",\"item\":\"https:\\\/\\\/www.swedishness.com\\\/\"},{\"@type\":\"ListItem\",\"position\":2,\"name\":\"4 billige hoteller i K\u00f8benhavn\"}]},{\"@type\":\"WebSite\",\"@id\":\"https:\\\/\\\/www.swedishness.com\\\/#website\",\"url\":\"https:\\\/\\\/www.swedishness.com\\\/\",\"name\":\"Swedishness.com\",\"description\":\"\",\"potentialAction\":[{\"@type\":\"SearchAction\",\"target\":{\"@type\":\"EntryPoint\",\"urlTemplate\":\"https:\\\/\\\/www.swedishness.com\\\/?s={search_term_string}\"},\"query-input\":{\"@type\":\"PropertyValueSpecification\",\"valueRequired\":true,\"valueName\":\"search_term_string\"}}],\"inLanguage\":\"en-US\"}]}<\/script>\n<!-- \/ Yoast SEO plugin. -->","yoast_head_json":{"title":"4 billige hoteller i K\u00f8benhavn - Swedishness.com","robots":{"index":"index","follow":"follow","max-snippet":"max-snippet:-1","max-image-preview":"max-image-preview:large","max-video-preview":"max-video-preview:-1"},"canonical":"https:\/\/www.swedishness.com\/?page_id=14","og_locale":"en_US","og_type":"article","og_title":"4 billige hoteller i K\u00f8benhavn - Swedishness.com","og_description":"\u00c5 finne et billig hotell K\u00f8benhavn er ikke like alltid enkelt, ettersom det er en meget popul\u00e6r turistdestinasjon \u2013 spesielt i sommerhalv\u00e5ret. Allikevel skal vi gj\u00f8re det enkelt for deg ved \u00e5 anbefale 4 billige hoteller i K\u00f8benhavn. Hotel Ansgar Dette hotellet er et 3-stjerners hotell som ligger s\u00e5 godt som midt i hjertet av ... [Read more...]","og_url":"https:\/\/www.swedishness.com\/?page_id=14","og_site_name":"Swedishness.com","article_modified_time":"2015-10-22T05:42:28+00:00","og_image":[{"url":"http:\/\/www.swedishness.com\/wp-content\/uploads\/2015\/10\/Opera_Copenhagen_08.jpg","type":"","width":"","height":""}],"twitter_card":"summary_large_image","twitter_misc":{"Est. reading time":"2 minutes"},"schema":{"@context":"https:\/\/schema.org","@graph":[{"@type":"WebPage","@id":"https:\/\/www.swedishness.com\/?page_id=14","url":"https:\/\/www.swedishness.com\/?page_id=14","name":"4 billige hoteller i K\u00f8benhavn - Swedishness.com","isPartOf":{"@id":"https:\/\/www.swedishness.com\/#website"},"primaryImageOfPage":{"@id":"https:\/\/www.swedishness.com\/?page_id=14#primaryimage"},"image":{"@id":"https:\/\/www.swedishness.com\/?page_id=14#primaryimage"},"thumbnailUrl":"http:\/\/www.swedishness.com\/wp-content\/uploads\/2015\/10\/Opera_Copenhagen_08.jpg","datePublished":"2015-10-20T20:35:15+00:00","dateModified":"2015-10-22T05:42:28+00:00","breadcrumb":{"@id":"https:\/\/www.swedishness.com\/?page_id=14#breadcrumb"},"inLanguage":"en-US","potentialAction":[{"@type":"ReadAction","target":["https:\/\/www.swedishness.com\/?page_id=14"]}]},{"@type":"ImageObject","inLanguage":"en-US","@id":"https:\/\/www.swedishness.com\/?page_id=14#primaryimage","url":"http:\/\/www.swedishness.com\/wp-content\/uploads\/2015\/10\/Opera_Copenhagen_08.jpg","contentUrl":"http:\/\/www.swedishness.com\/wp-content\/uploads\/2015\/10\/Opera_Copenhagen_08.jpg"},{"@type":"BreadcrumbList","@id":"https:\/\/www.swedishness.com\/?page_id=14#breadcrumb","itemListElement":[{"@type":"ListItem","position":1,"name":"Home","item":"https:\/\/www.swedishness.com\/"},{"@type":"ListItem","position":2,"name":"4 billige hoteller i K\u00f8benhavn"}]},{"@type":"WebSite","@id":"https:\/\/www.swedishness.com\/#website","url":"https:\/\/www.swedishness.com\/","name":"Swedishness.com","description":"","potentialAction":[{"@type":"SearchAction","target":{"@type":"EntryPoint","urlTemplate":"https:\/\/www.swedishness.com\/?s={search_term_string}"},"query-input":{"@type":"PropertyValueSpecification","valueRequired":true,"valueName":"search_term_string"}}],"inLanguage":"en-US"}]}},"_links":{"self":[{"href":"https:\/\/www.swedishness.com\/index.php?rest_route=\/wp\/v2\/pages\/14","targetHints":{"allow":["GET"]}}],"collection":[{"href":"https:\/\/www.swedishness.com\/index.php?rest_route=\/wp\/v2\/pages"}],"about":[{"href":"https:\/\/www.swedishness.com\/index.php?rest_route=\/wp\/v2\/types\/page"}],"author":[{"embeddable":true,"href":"https:\/\/www.swedishness.com\/index.php?rest_route=\/wp\/v2\/users\/2"}],"replies":[{"embeddable":true,"href":"https:\/\/www.swedishness.com\/index.php?rest_route=%2Fwp%2Fv2%2Fcomments&post=14"}],"version-history":[{"count":3,"href":"https:\/\/www.swedishness.com\/index.php?rest_route=\/wp\/v2\/pages\/14\/revisions"}],"predecessor-version":[{"id":63,"href":"https:\/\/www.swedishness.com\/index.php?rest_route=\/wp\/v2\/pages\/14\/revisions\/63"}],"wp:attachment":[{"href":"https:\/\/www.swedishness.com\/index.php?rest_route=%2Fwp%2Fv2%2Fmedia&parent=14"}],"curies":[{"name":"wp","href":"https:\/\/api.w.org\/{rel}","templated":true}]}}